{"id":21,"date":"2015-07-03T17:08:09","date_gmt":"2015-07-03T15:08:09","guid":{"rendered":"http:\/\/syntegic.com\/devel\/klc\/?page_id=21"},"modified":"2020-03-10T10:42:46","modified_gmt":"2020-03-10T09:42:46","slug":"preise","status":"publish","type":"page","link":"http:\/\/klc-bueroorganisation.de\/index.php\/preise\/","title":{"rendered":"Preise"},"content":{"rendered":"<p>Als selbstst\u00e4ndiger Buchhaltungsservice sind wir an keine Geb\u00fchrenordnung gebunden.<\/p>\n<p>Unsere Verg\u00fctung richtet sich nach dem tats\u00e4chlichen Aufwand und wird monatlich abgerechnet.<\/p>\n<h3>Kontieren und erfassen der lfd. Gesch\u00e4ftsvorf\u00e4lle:<\/h3>\n<table border=\"0\" width=\"598\" cellspacing=\"0\" cellpadding=\"1\"><colgroup> <col width=\"296\" \/> <col width=\"177\" \/> <col width=\"119\" \/><\/colgroup>\n<tbody>\n<tr>\n<td width=\"296\">&#8211; Grundgeb\u00fchr<\/td>\n<td width=\"177\">15,00 EUR<\/td>\n<td width=\"119\">mtl.<\/td>\n<\/tr>\n<tr>\n<td width=\"296\">&#8211; Belege kontieren, buchen lfd. \u00a0 \u00a0 \u00a0Gesch\u00e4ftsvorf\u00e4lle<\/td>\n<td width=\"177\">32,00 EUR<\/td>\n<td width=\"119\">Stunde<\/td>\n<\/tr>\n<\/tbody>\n<\/table>\n<h3>Lohn und Gehalt:<\/h3>\n<table border=\"0\" width=\"598\" cellspacing=\"0\" cellpadding=\"1\"><colgroup> <col width=\"296\" \/> <col width=\"177\" \/> <col width=\"119\" \/><\/colgroup>\n<tbody>\n<tr>\n<td width=\"296\">&#8211; Grundgeb\u00fchr<\/td>\n<td width=\"177\">15,00 EUR<\/td>\n<td width=\"119\">mtl.<\/td>\n<\/tr>\n<tr>\n<td width=\"296\">&#8211; je Arbeitnehmerabrechnung, LSt.- Anmeldung\u00a0und KV-Meldung\u00a0sowie\u00a0DE\u00dcV-Meldung<\/td>\n<td width=\"177\">8,00 EUR<\/td>\n<td width=\"119\">je\u00a0Meldung<\/td>\n<\/tr>\n<tr>\n<td width=\"296\">&#8211; je Beitragsnachweis<\/td>\n<td width=\"177\">8,00 EUR<\/td>\n<td width=\"119\">je\u00a0Meldung<\/td>\n<\/tr>\n<\/tbody>\n<\/table>\n<h3>Sonstiges:<\/h3>\n<table style=\"height: 80px;\" border=\"0\" width=\"597\" cellspacing=\"0\" cellpadding=\"1\"><colgroup> <col width=\"296\" \/> <col width=\"177\" \/> <col width=\"119\" \/><\/colgroup>\n<tbody>\n<tr>\n<td width=\"296\">&#8211; Schreibarbeiten \u2013 Werbemailing (Anschreiben + Adressenrecherche)\u2013 Telefonmarketing<\/td>\n<td width=\"177\">30,00 EUR<\/td>\n<td width=\"119\">Stunde<\/td>\n<\/tr>\n<tr>\n<td width=\"296\">&#8211; B\u00fcroorganisation und Buchhaltung vor Ort\u00a0<\/td>\n<td width=\"177\">40,00 EUR<\/td>\n<td width=\"119\">Stunde<\/td>\n<\/tr>\n<tr>\n<td width=\"296\">\u00a0<\/td>\n<td width=\"177\">\u00a0<\/td>\n<td width=\"119\">\u00a0<\/td>\n<\/tr>\n<\/tbody>\n<\/table>\n<p>\u00a0<\/p>\n<p><strong>Im Bereich der Buchhaltung und sonstigen Dienstleistungen in Steuersachen bieten wir ausschlie\u00dflich das Buchen lfd. Gesch\u00e4ftsvorf\u00e4lle und der lfd. Lohnabrechnung nach \u00a76 Nr. 3 und 4 StBerG an.<\/strong><\/p>\n\n\n<p><\/p>\n","protected":false},"excerpt":{"rendered":"<p>Als selbstst\u00e4ndiger Buchhaltungsservice sind wir an keine Geb\u00fchrenordnung gebunden. Unsere Verg\u00fctung richtet sich nach dem tats\u00e4chlichen Aufwand und wird monatlich abgerechnet. Kontieren und erfassen der lfd. Gesch\u00e4ftsvorf\u00e4lle: &#8211; Grundgeb\u00fchr 15,00 EUR mtl. &#8211; Belege kontieren, buchen lfd. \u00a0 \u00a0 \u00a0Gesch\u00e4ftsvorf\u00e4lle 32,00 EUR Stunde Lohn und Gehalt: &#8211; Grundgeb\u00fchr 15,00 EUR mtl. &#8211; je Arbeitnehmerabrechnung, LSt.-&#8230;<\/p>\n","protected":false},"author":1,"featured_media":0,"parent":0,"menu_order":0,"comment_status":"open","ping_status":"open","template":"","meta":{"footnotes":""},"class_list":["post-21","page","type-page","status-publish","hentry"],"_links":{"self":[{"href":"http:\/\/klc-bueroorganisation.de\/index.php\/wp-json\/wp\/v2\/pages\/21","targetHints":{"allow":["GET"]}}],"collection":[{"href":"http:\/\/klc-bueroorganisation.de\/index.php\/wp-json\/wp\/v2\/pages"}],"about":[{"href":"http:\/\/klc-bueroorganisation.de\/index.php\/wp-json\/wp\/v2\/types\/page"}],"author":[{"embeddable":true,"href":"http:\/\/klc-bueroorganisation.de\/index.php\/wp-json\/wp\/v2\/users\/1"}],"replies":[{"embeddable":true,"href":"http:\/\/klc-bueroorganisation.de\/index.php\/wp-json\/wp\/v2\/comments?post=21"}],"version-history":[{"count":6,"href":"http:\/\/klc-bueroorganisation.de\/index.php\/wp-json\/wp\/v2\/pages\/21\/revisions"}],"predecessor-version":[{"id":120,"href":"http:\/\/klc-bueroorganisation.de\/index.php\/wp-json\/wp\/v2\/pages\/21\/revisions\/120"}],"wp:attachment":[{"href":"http:\/\/klc-bueroorganisation.de\/index.php\/wp-json\/wp\/v2\/media?parent=21"}],"curies":[{"name":"wp","href":"https:\/\/api.w.org\/{rel}","templated":true}]}}