{"id":23,"date":"2015-07-03T17:08:39","date_gmt":"2015-07-03T15:08:39","guid":{"rendered":"http:\/\/syntegic.com\/devel\/klc\/?page_id=23"},"modified":"2015-07-03T18:49:43","modified_gmt":"2015-07-03T16:49:43","slug":"impressum","status":"publish","type":"page","link":"http:\/\/klc-bueroorganisation.de\/index.php\/impressum\/","title":{"rendered":"Impressum"},"content":{"rendered":"<p>Kl\u00f6ssel GbR<br \/>\nCornelia Kl\u00f6ssel und Susanne Wagmann<\/p>\n<p>Theresienstra\u00dfe 2<br \/>\n86368 Gersthofen\/Augsburg<\/p>\n<p>Telefon: ++49 (0)821\/9079684<br \/>\nMail: info@klc-bueroorganisation.de<\/p>\n<p>Verantwortlich i.S.d. \u00a7 6 MDStV: Cornelia Kl\u00f6ssel<br \/>\nUSt-ID-Nr.: 93\/247\/502\/185<br \/>\n<br \/>\n<b>Haftungshinweis<\/b><\/p>\n<p>Bei der Nutzung von Datennetzen dem Internet, E-Mail etc. besteht die Gefahr der Viren\u00fcbertragung. Jeder Nutzer muss selbst geeignete Ma\u00dfnahmen zum Schutz seiner Daten, Hard- und Software vor Infektion mit Viren treffen. Ebenso erfolgt die Nutzung unserer Internetseite und deren Inhalte auf eigene Gefahr. Eine Haftung f\u00fcr Sch\u00e4den, Datenverluste, entgangenem Gewinn oder Folgesch\u00e4den ist ausgeschlossen.<\/p>\n<p>Alle Inhalte und Angaben auf unserer Website dienen der Information und wurden sorgf\u00e4ltig zusammengestellt und gepr\u00fcft. F\u00fcr die Richtigkeit, die Aktualit\u00e4t und Vollst\u00e4ndigkeit der Inhalte und Angaben k\u00f6nnen weder die Kl\u00f6ssel GbR noch Dritte die Haftung \u00fcbernehmen. Alle Angaben und Inhalte sind ohne Gew\u00e4hr. Irrtum und \u00c4nderungen vorbehalten. Wir behalten uns vor, jederzeit Daten zu \u00e4ndern, zu aktualisieren, zu \u00fcberarbeiten oder zu l\u00f6schen. Der Haftungsausschluss gilt nicht f\u00fcr grobe Fahrl\u00e4ssigkeit und Vorsatz.<\/p>\n<p>Die Kl\u00f6ssel GbR ist als Inhaltsanbieter nach \u00a7 8 Teledienstegesetz f\u00fcr die \u201ceigenen Inhalte\u201d, die sie zur Nutzung bereith\u00e4lt, verantwortlich. Von diesen eigenen Inhalten sind Querverweise (\u201cLinks\u201d) auf die von anderen Anbietern bereitgehaltenen Inhalte zu unterscheiden. Trotz sorgf\u00e4ltiger inhaltlicher Kontrolle \u00fcbernehmen wir keine Haftung f\u00fcr die Inhalte externer Links. F\u00fcr den Inhalt der verlinkten Seiten sind ausschlie\u00dflich deren Betreiber verantwortlich. Das gilt auch f\u00fcr die auf den Internetseiten ggf. eingeblendeten Werbebanner, Texte und weiterf\u00fchrenden Links. Die Nutzung externer Links geschieht auf eigene Gefahr. Sie f\u00fchrt zum Verlassen der Internetseite der Kl\u00f6ssel GbR.<br \/>\n<br \/>\n<b>Datenschutzklausel<\/b><\/p>\n<p>Wir nehmen den Schutz der uns von Ihnen zur Verf\u00fcgung gestellten personen- und firmenbezogenen Daten sehr ernst. F\u00fcr uns ist die Beachtung der Bestim- mungen des Bundesdatenschutz-Gesetzes eine Selbstverst\u00e4ndlichkeit. So werden Ihre Daten anderen Unternehmen oder Institutionen weder offengelegt, \u00fcber- lassen, verkauft noch vermarktet. Dies gilt nicht, wenn wir zur Offenlegung und \u00dcbermittlung der Daten gesetzlich oder durch gerichtliches Urteil verpflichtet sind.<\/p>\n<p>Verwendung personen- bzw. firmenbezogener Daten<\/p>\n<p>Die von Ihnen \u00fcbermittelten Daten (Kontaktformulardaten, Inhalte von E-Mails, Daten auf Datentr\u00e4gern) werden ausschlie\u00dflich intern als Grundlage f\u00fcr die Erbringung unserer Leistungen verwendet.<br \/>\n<br \/>\n<b>Hinweis zu verwendetem Bildmaterial<\/b><\/p>\n<p>Einige auf diesem Webauftritt verwendeten Fotos stammen aus der Datenbank pixelio f\u00fcr lizenzfreie Fotos.\u00a0<a href=\"http:\/\/www.pixelio.de\" target=_new\">Hier<\/a> gelangen Sie zum Webauftritt von pixelio.<\/p>\n","protected":false},"excerpt":{"rendered":"<p>Kl\u00f6ssel GbR Cornelia Kl\u00f6ssel und Susanne Wagmann Theresienstra\u00dfe 2 86368 Gersthofen\/Augsburg Telefon: ++49 (0)821\/9079684 Mail: info@klc-bueroorganisation.de Verantwortlich i.S.d. \u00a7 6 MDStV: Cornelia Kl\u00f6ssel USt-ID-Nr.: 93\/247\/502\/185 Haftungshinweis Bei der Nutzung von Datennetzen dem Internet, E-Mail etc. besteht die Gefahr der Viren\u00fcbertragung. Jeder Nutzer muss selbst geeignete Ma\u00dfnahmen zum Schutz seiner Daten, Hard- und Software vor Infektion&#8230;<\/p>\n","protected":false},"author":1,"featured_media":0,"parent":0,"menu_order":0,"comment_status":"open","ping_status":"open","template":"","meta":{"footnotes":""},"class_list":["post-23","page","type-page","status-publish","hentry"],"_links":{"self":[{"href":"http:\/\/klc-bueroorganisation.de\/index.php\/wp-json\/wp\/v2\/pages\/23","targetHints":{"allow":["GET"]}}],"collection":[{"href":"http:\/\/klc-bueroorganisation.de\/index.php\/wp-json\/wp\/v2\/pages"}],"about":[{"href":"http:\/\/klc-bueroorganisation.de\/index.php\/wp-json\/wp\/v2\/types\/page"}],"author":[{"embeddable":true,"href":"http:\/\/klc-bueroorganisation.de\/index.php\/wp-json\/wp\/v2\/users\/1"}],"replies":[{"embeddable":true,"href":"http:\/\/klc-bueroorganisation.de\/index.php\/wp-json\/wp\/v2\/comments?post=23"}],"version-history":[{"count":4,"href":"http:\/\/klc-bueroorganisation.de\/index.php\/wp-json\/wp\/v2\/pages\/23\/revisions"}],"predecessor-version":[{"id":38,"href":"http:\/\/klc-bueroorganisation.de\/index.php\/wp-json\/wp\/v2\/pages\/23\/revisions\/38"}],"wp:attachment":[{"href":"http:\/\/klc-bueroorganisation.de\/index.php\/wp-json\/wp\/v2\/media?parent=23"}],"curies":[{"name":"wp","href":"https:\/\/api.w.org\/{rel}","templated":true}]}}